{"id":2259,"date":"2013-06-26T09:02:44","date_gmt":"2013-06-26T08:02:44","guid":{"rendered":"https:\/\/www.gazignaire.com\/frmentions-legales\/"},"modified":"2021-01-29T11:16:25","modified_gmt":"2021-01-29T10:16:25","slug":"mentions-legales","status":"publish","type":"page","link":"https:\/\/www.gazignaire.com\/en\/mentions-legales\/","title":{"rendered":"Terms and Conditions"},"content":{"rendered":"<h3 style=\"padding-top: 20px;\">1. IDENTIFICATION DE L\u2019EDITEUR (GESTIONNAIRE) ET DE L\u2019HEBERGEUR DU SITE<\/h3>\n<p>Directeur de publication : C\u00e9cile MUL<\/p>\n<p><strong>S.A.S. Jean GAZIGNAIRE&nbsp;<\/strong><\/p>\n<p>Si\u00e8ge social et site de production :&nbsp; 147, route de la F\u00e9nerie &#8211; 06580 P\u00e9gomas (France) &#8211; SIRET : 035 720 457 00031<\/p>\n<p>Site administratif : Route de Gourdon, ZI de la Sarr\u00e9e &#8211; 06620 Le Bar-sur-Loup (France) &#8211; SIRET : 035 720 457 00049<\/p>\n<p>T\u00e9l : +33(0)4.93.40.75.05 &#8211; Fax : +33(0)4.93.40.75.06 &#8211; <a href=\"https:\/\/www.gazignaire.com\/\">www.gazignaire.com<\/a><\/p>\n<p>S.A.S. au capital de 512&nbsp;640 \u20ac &#8211; RCS GRASSE 035&nbsp;720&nbsp;457 &#8211; NAF 2053Z &#8211; N\u00b0TVA intracommunautaire&nbsp;: FR 51&nbsp;035&nbsp;720&nbsp;457 &#8211; N\u00b0 ACCISE&nbsp;: FR 93&nbsp;080 E 0044<\/p>\n<p><span style=\"line-height: 1.3;\">H\u00e9bergeur du site : OVH &#8211; 2 rue Kellermann &#8211; 59100 Roubaix &#8211; France<\/span><\/p>\n<h3>2. LA PROTECTION DES DONNEES PERSONNELLES SUR LE SITE<\/h3>\n<p>Le site ne d\u00e9pose pas de cookies sp\u00e9ciaux, autre que les cookies techniques n\u00e9cessaires au fonctionnement du site.<br \/>\nAucune information personnelle n\u2019est collect\u00e9e \u00e0 votre insu.<br \/>\nAucune information personnelle n\u2019est c\u00e9d\u00e9e \u00e0 des tiers.<br \/>\nAucune information personnelle n\u2019est utilis\u00e9e \u00e0 des fins non pr\u00e9vues par la loi.<br \/>\nConform\u00e9ment \u00e0 la loi \u00ab Informatique et Libert\u00e9s \u00bb du 6 janvier 1978 (art. 34), vous disposez d\u2019un droit d\u2019acc\u00e8s, de modification, de rectification et de suppression des donn\u00e9es qui vous concernent. Pour exercer ce droit, adressez-vous uniquement par courrier \u00e0 : Jean Gazignaire &#8211;&nbsp;147, route de la F\u00e9nerie &#8211;&nbsp;06580 PEGOMAS &#8211; FRANCE<\/p>\n<h3>3. MESSAGERIE<\/h3>\n<p>Les messages envoy\u00e9s sur le r\u00e9seau Internet peuvent \u00eatre intercept\u00e9s. Ne divulguez pas d\u2019informations personnelles inutiles ou sensibles. Si vous souhaitez nous communiquer de telles informations, utilisez imp\u00e9rativement la voie postale.<\/p>\n<h3>4. CREDITS<\/h3>\n<p>Photos : Adobe Stock<\/p>\n<p><strong>Design :&nbsp;<\/strong>Dlight<br \/>\n<a href=\"http:\/\/www.dlight.fr\" target=\"_blank\" rel=\"noopener noreferrer\">www.dlight.fr<\/a><br \/>\nT\u00e9l. : 09 81 84 70 38<br \/>\n<a href=\"mailto:contact@dlight.fr\">contact@dlight.fr<\/a><\/p>\n","protected":false},"excerpt":{"rendered":"<p>1. IDENTIFICATION DE L\u2019EDITEUR (GESTIONNAIRE) ET DE L\u2019HEBERGEUR DU SITE Directeur de publication : C\u00e9cile MUL S.A.S. Jean GAZIGNAIRE&nbsp; Si\u00e8ge social et site de production :&nbsp; 147, route de la F\u00e9nerie &#8211; 06580 P\u00e9gomas (France) &#8230;<\/p>\n","protected":false},"author":2,"featured_media":0,"parent":0,"menu_order":0,"comment_status":"open","ping_status":"open","template":"","meta":{"_acf_changed":false,"footnotes":""},"class_list":["post-2259","page","type-page","status-publish","hentry"],"acf":[],"yoast_head":"<!-- This site is optimized with the Yoast SEO plugin v27.4 - https:\/\/yoast.com\/product\/yoast-seo-wordpress\/ -->\n<title>Terms and Conditions - Gazignaire<\/title>\n<meta name=\"robots\" content=\"index, follow, max-snippet:-1, max-image-preview:large, max-video-preview:-1\" \/>\n<link rel=\"canonical\" href=\"https:\/\/www.gazignaire.com\/en\/mentions-legales\/\" \/>\n<meta property=\"og:locale\" content=\"en_US\" \/>\n<meta property=\"og:type\" content=\"article\" \/>\n<meta property=\"og:title\" content=\"Terms and Conditions - Gazignaire\" \/>\n<meta property=\"og:description\" content=\"1. IDENTIFICATION DE L\u2019EDITEUR (GESTIONNAIRE) ET DE L\u2019HEBERGEUR DU SITE Directeur de publication : C\u00e9cile MUL S.A.S. Jean GAZIGNAIRE&nbsp; Si\u00e8ge social et site de production :&nbsp; 147, route de la F\u00e9nerie &#8211; 06580 P\u00e9gomas (France) ...\" \/>\n<meta property=\"og:url\" content=\"https:\/\/www.gazignaire.com\/en\/mentions-legales\/\" \/>\n<meta property=\"og:site_name\" content=\"Gazignaire\" \/>\n<meta property=\"article:modified_time\" content=\"2021-01-29T10:16:25+00:00\" \/>\n<meta name=\"twitter:card\" content=\"summary_large_image\" \/>\n<meta name=\"twitter:label1\" content=\"Est. reading time\" \/>\n\t<meta name=\"twitter:data1\" content=\"2 minutes\" \/>\n<script type=\"application\/ld+json\" class=\"yoast-schema-graph\">{\"@context\":\"https:\\\/\\\/schema.org\",\"@graph\":[{\"@type\":\"WebPage\",\"@id\":\"https:\\\/\\\/www.gazignaire.com\\\/en\\\/mentions-legales\\\/\",\"url\":\"https:\\\/\\\/www.gazignaire.com\\\/en\\\/mentions-legales\\\/\",\"name\":\"Terms and Conditions - Gazignaire\",\"isPartOf\":{\"@id\":\"https:\\\/\\\/www.gazignaire.com\\\/en\\\/#website\"},\"datePublished\":\"2013-06-26T08:02:44+00:00\",\"dateModified\":\"2021-01-29T10:16:25+00:00\",\"breadcrumb\":{\"@id\":\"https:\\\/\\\/www.gazignaire.com\\\/en\\\/mentions-legales\\\/#breadcrumb\"},\"inLanguage\":\"en-US\",\"potentialAction\":[{\"@type\":\"ReadAction\",\"target\":[\"https:\\\/\\\/www.gazignaire.com\\\/en\\\/mentions-legales\\\/\"]}]},{\"@type\":\"BreadcrumbList\",\"@id\":\"https:\\\/\\\/www.gazignaire.com\\\/en\\\/mentions-legales\\\/#breadcrumb\",\"itemListElement\":[{\"@type\":\"ListItem\",\"position\":1,\"name\":\"Accueil\",\"item\":\"https:\\\/\\\/www.gazignaire.com\\\/en\\\/\"},{\"@type\":\"ListItem\",\"position\":2,\"name\":\"Terms and Conditions\"}]},{\"@type\":\"WebSite\",\"@id\":\"https:\\\/\\\/www.gazignaire.com\\\/en\\\/#website\",\"url\":\"https:\\\/\\\/www.gazignaire.com\\\/en\\\/\",\"name\":\"Gazignaire\",\"description\":\"Un site utilisant WordPress\",\"potentialAction\":[{\"@type\":\"SearchAction\",\"target\":{\"@type\":\"EntryPoint\",\"urlTemplate\":\"https:\\\/\\\/www.gazignaire.com\\\/en\\\/?s={search_term_string}\"},\"query-input\":{\"@type\":\"PropertyValueSpecification\",\"valueRequired\":true,\"valueName\":\"search_term_string\"}}],\"inLanguage\":\"en-US\"}]}<\/script>\n<!-- \/ Yoast SEO plugin. -->","yoast_head_json":{"title":"Terms and Conditions - Gazignaire","robots":{"index":"index","follow":"follow","max-snippet":"max-snippet:-1","max-image-preview":"max-image-preview:large","max-video-preview":"max-video-preview:-1"},"canonical":"https:\/\/www.gazignaire.com\/en\/mentions-legales\/","og_locale":"en_US","og_type":"article","og_title":"Terms and Conditions - Gazignaire","og_description":"1. IDENTIFICATION DE L\u2019EDITEUR (GESTIONNAIRE) ET DE L\u2019HEBERGEUR DU SITE Directeur de publication : C\u00e9cile MUL S.A.S. Jean GAZIGNAIRE&nbsp; Si\u00e8ge social et site de production :&nbsp; 147, route de la F\u00e9nerie &#8211; 06580 P\u00e9gomas (France) ...","og_url":"https:\/\/www.gazignaire.com\/en\/mentions-legales\/","og_site_name":"Gazignaire","article_modified_time":"2021-01-29T10:16:25+00:00","twitter_card":"summary_large_image","twitter_misc":{"Est. reading time":"2 minutes"},"schema":{"@context":"https:\/\/schema.org","@graph":[{"@type":"WebPage","@id":"https:\/\/www.gazignaire.com\/en\/mentions-legales\/","url":"https:\/\/www.gazignaire.com\/en\/mentions-legales\/","name":"Terms and Conditions - Gazignaire","isPartOf":{"@id":"https:\/\/www.gazignaire.com\/en\/#website"},"datePublished":"2013-06-26T08:02:44+00:00","dateModified":"2021-01-29T10:16:25+00:00","breadcrumb":{"@id":"https:\/\/www.gazignaire.com\/en\/mentions-legales\/#breadcrumb"},"inLanguage":"en-US","potentialAction":[{"@type":"ReadAction","target":["https:\/\/www.gazignaire.com\/en\/mentions-legales\/"]}]},{"@type":"BreadcrumbList","@id":"https:\/\/www.gazignaire.com\/en\/mentions-legales\/#breadcrumb","itemListElement":[{"@type":"ListItem","position":1,"name":"Accueil","item":"https:\/\/www.gazignaire.com\/en\/"},{"@type":"ListItem","position":2,"name":"Terms and Conditions"}]},{"@type":"WebSite","@id":"https:\/\/www.gazignaire.com\/en\/#website","url":"https:\/\/www.gazignaire.com\/en\/","name":"Gazignaire","description":"Un site utilisant WordPress","potentialAction":[{"@type":"SearchAction","target":{"@type":"EntryPoint","urlTemplate":"https:\/\/www.gazignaire.com\/en\/?s={search_term_string}"},"query-input":{"@type":"PropertyValueSpecification","valueRequired":true,"valueName":"search_term_string"}}],"inLanguage":"en-US"}]}},"_links":{"self":[{"href":"https:\/\/www.gazignaire.com\/en\/wp-json\/wp\/v2\/pages\/2259","targetHints":{"allow":["GET"]}}],"collection":[{"href":"https:\/\/www.gazignaire.com\/en\/wp-json\/wp\/v2\/pages"}],"about":[{"href":"https:\/\/www.gazignaire.com\/en\/wp-json\/wp\/v2\/types\/page"}],"author":[{"embeddable":true,"href":"https:\/\/www.gazignaire.com\/en\/wp-json\/wp\/v2\/users\/2"}],"replies":[{"embeddable":true,"href":"https:\/\/www.gazignaire.com\/en\/wp-json\/wp\/v2\/comments?post=2259"}],"version-history":[{"count":2,"href":"https:\/\/www.gazignaire.com\/en\/wp-json\/wp\/v2\/pages\/2259\/revisions"}],"predecessor-version":[{"id":3619,"href":"https:\/\/www.gazignaire.com\/en\/wp-json\/wp\/v2\/pages\/2259\/revisions\/3619"}],"wp:attachment":[{"href":"https:\/\/www.gazignaire.com\/en\/wp-json\/wp\/v2\/media?parent=2259"}],"curies":[{"name":"wp","href":"https:\/\/api.w.org\/{rel}","templated":true}]}}